{"id":793,"date":"2022-05-19T22:41:25","date_gmt":"2022-05-19T22:41:25","guid":{"rendered":"https:\/\/leonebembo.uniri.hr\/?page_id=793"},"modified":"2022-05-26T10:43:08","modified_gmt":"2022-05-26T10:43:08","slug":"izvorni-smjestaj-i-funkcija-panela","status":"publish","type":"page","link":"https:\/\/leonebembo.uniri.hr\/?page_id=793","title":{"rendered":"IZVORNI SMJE\u0160TAJ I FUNKCIJA PANELA"},"content":{"rendered":"\n<p><\/p>\n\n\n\n<p>Panel se izvorno nalazio na lijevom bo\u010dnom oltaru u kapeli San Sebastiano, smje\u0161tenoj uz venecijansku benediktinsku crkvu San Lorenzo. Ondje su se \u010duvale relikvije brojnih svetaca i bla\u017eenika, poput onih carigradskog patrijarha sv. Pavla ili relikvija Sante Candide, mu\u010denice iz Bolzana (Bolsene). Tu su se nalazili i ostaci bla\u017eenog Giovannija Olinija, \u017eupnika stare venecijanske \u017eupe San Zan Degol\u00e0 i biskupa Leona Bemba. Kapela San Sebastiano imala je funkciju molitvenog mjesta namijenjenog benediktinskim redovnicama, kojima je slu\u017eila kao \u201eunutarnja crkva\u201c. U kapeli su se nalazila tri oltara. Onaj glavni je bio opremljen palom Palme Mla\u0111eg, a na bo\u010dnom oltaru se nalazila slika Flamanca Michelea Desublea. \u0160krinja Leona Bemba je bila smje\u0161tena na lijevom oltaru koji je bio posve\u0107en Bogorodici i svetom Franji Asi\u0161kom. Kapela je bila obnovljena izme\u0111u 1629. i 1632., a u funkciji je ostala do 1806. godine.<\/p>\n\n\n\n<p>Postoji nekoliko pretpostavki o tome kako je <em>Panel bla\u017eenog Leona Bemba<\/em> bio izvorno postavljen na lijevom bo\u010dnom oltaru. U starijoj se literaturi mo\u017ee na\u0107i pretpostavka da je panel izvorno bio <em>paliotto<\/em>, odnosno antependij. Ova teorija je kasnije odba\u010dena jer rasko\u0161no slikana djela poput ovoga te, k tome, ovako va\u017ene ikonografske tematike, obi\u010dno nisu postavljana ispred oltarne menze, na mjesto antependija. Nakon toga je iznesena zamisao da je panel, u stvari, bio poklopac bla\u017eenikova sarkofaga, poput onoga bla\u017eene Giuliane da Collalto. U tom slu\u010daju, oslikani bi dio panela bio, u stvari, unutra\u0161nja strana poklopca \u0161krinje. Takav tip sarkofaga otvarao se samo na blagdan bla\u017eenika ili u ponekoj drugoj posebnoj prilici. Ova teorija uvjerljivo tuma\u010di za\u0161to se krajem 15. stolje\u0107a ukazala potreba da se na prednju stranu sarkofaga postavi djelo Lazzara Bastianija. No, i ova je zamisao u posljednje vrijeme napu\u0161tena. Danas je uglavnom prihva\u0107ena zamisao da je panel bio smje\u0161ten ispred sarkofaga te je bio svima vidljiv. Me\u0111utim, iz jo\u0161 uvijek nepoznatih razloga panel je krajem 15. stolje\u0107a uklonjen iz crkve te prenesen i sa\u010duvan u \u017eenskom benediktinskom samostanu San Lorenzo. Na sli\u010dan je na\u010din i sarkofag Giuliane da Collalto uklonjen iz crkve Santi Biagio e Cataldo na Giudecchi te prenesen u samostan. Bitno je istaknuti kako je, problem izvorne funkcije detaljno analizirala Anna Kreki\u0107, 2005. godine, prihva\u0107aju\u0107i s oprezom teoriju o funkciji panela kao prednjem pokrovu \u0161krinje, odnosno <em>dossaleu<\/em>. Tu je zamisao kasnije prihvatila i Zuleika Murat.<\/p>\n\n\n\n<p class=\"has-text-align-right\">LUCIANA FUKS<\/p>\n","protected":false},"excerpt":{"rendered":"<p>Panel se izvorno nalazio na lijevom bo\u010dnom oltaru u kapeli San Sebastiano, smje\u0161tenoj uz venecijansku benediktinsku crkvu San Lorenzo. Ondje su se \u010duvale relikvije brojnih svetaca i bla\u017eenika, poput onih carigradskog patrijarha sv. Pavla ili relikvija Sante Candide, mu\u010denice iz Bolzana (Bolsene). Tu su se nalazili i ostaci bla\u017eenog Giovannija Olinija, \u017eupnika stare venecijanske \u017eupe <a class=\"more-link\" href=\"https:\/\/leonebembo.uniri.hr\/?page_id=793\">Read More &#8230;<\/a><\/p>\n","protected":false},"author":2,"featured_media":0,"parent":0,"menu_order":0,"comment_status":"closed","ping_status":"closed","template":"","meta":[],"_links":{"self":[{"href":"https:\/\/leonebembo.uniri.hr\/index.php?rest_route=\/wp\/v2\/pages\/793"}],"collection":[{"href":"https:\/\/leonebembo.uniri.hr\/index.php?rest_route=\/wp\/v2\/pages"}],"about":[{"href":"https:\/\/leonebembo.uniri.hr\/index.php?rest_route=\/wp\/v2\/types\/page"}],"author":[{"embeddable":true,"href":"https:\/\/leonebembo.uniri.hr\/index.php?rest_route=\/wp\/v2\/users\/2"}],"replies":[{"embeddable":true,"href":"https:\/\/leonebembo.uniri.hr\/index.php?rest_route=%2Fwp%2Fv2%2Fcomments&post=793"}],"version-history":[{"count":3,"href":"https:\/\/leonebembo.uniri.hr\/index.php?rest_route=\/wp\/v2\/pages\/793\/revisions"}],"predecessor-version":[{"id":887,"href":"https:\/\/leonebembo.uniri.hr\/index.php?rest_route=\/wp\/v2\/pages\/793\/revisions\/887"}],"wp:attachment":[{"href":"https:\/\/leonebembo.uniri.hr\/index.php?rest_route=%2Fwp%2Fv2%2Fmedia&parent=793"}],"curies":[{"name":"wp","href":"https:\/\/api.w.org\/{rel}","templated":true}]}}