{"id":573,"date":"2022-01-27T18:27:37","date_gmt":"2022-01-27T18:27:37","guid":{"rendered":"https:\/\/leonebembo.uniri.hr\/?page_id=573"},"modified":"2022-01-27T18:38:58","modified_gmt":"2022-01-27T18:38:58","slug":"upute-za-citiranje","status":"publish","type":"page","link":"https:\/\/leonebembo.uniri.hr\/?page_id=573","title":{"rendered":"UPUTE ZA CITIRANJE"},"content":{"rendered":"\n<p><strong>Kako citirati tekst objavljen na ovoj stranici:<\/strong><\/p>\n\n\n\n<p>Ime i prezime autora,&nbsp;<em>Naslov teksta<\/em>, objavljeno na stranici &#8220;Panel bla\u017eenog Leona Bemba. 700 godina djela Majstora Bogorodi\u010dina krunjenja iz 1324.&#8221;, adresa teksta, datum posljednjeg pristupanja stranici<\/p>\n\n\n\n<p>Primjer:<\/p>\n\n\n\n<p>Marin Boli\u0107,\u00a0<em>Gaetano Grezler<\/em>, objavljeno na stranici &#8220;Panel bla\u017eenog Leona Bemba. 700 godina djela Majstora Bogorodi\u010dina krunjenja iz 1324.&#8221;, https:\/\/leonebembo.uniri.hr\/?page_id=154, pristupljeno 28.1.2022.<\/p>\n","protected":false},"excerpt":{"rendered":"<p>Kako citirati tekst objavljen na ovoj stranici: Ime i prezime autora,&nbsp;Naslov teksta, objavljeno na stranici &#8220;Panel bla\u017eenog Leona Bemba. 700 godina djela Majstora Bogorodi\u010dina krunjenja iz 1324.&#8221;, adresa teksta, datum posljednjeg pristupanja stranici Primjer: Marin Boli\u0107,\u00a0Gaetano Grezler, objavljeno na stranici &#8220;Panel bla\u017eenog Leona Bemba. 700 godina djela Majstora Bogorodi\u010dina krunjenja iz 1324.&#8221;, https:\/\/leonebembo.uniri.hr\/?page_id=154, pristupljeno 28.1.2022.<\/p>\n","protected":false},"author":2,"featured_media":0,"parent":0,"menu_order":0,"comment_status":"closed","ping_status":"closed","template":"","meta":[],"_links":{"self":[{"href":"https:\/\/leonebembo.uniri.hr\/index.php?rest_route=\/wp\/v2\/pages\/573"}],"collection":[{"href":"https:\/\/leonebembo.uniri.hr\/index.php?rest_route=\/wp\/v2\/pages"}],"about":[{"href":"https:\/\/leonebembo.uniri.hr\/index.php?rest_route=\/wp\/v2\/types\/page"}],"author":[{"embeddable":true,"href":"https:\/\/leonebembo.uniri.hr\/index.php?rest_route=\/wp\/v2\/users\/2"}],"replies":[{"embeddable":true,"href":"https:\/\/leonebembo.uniri.hr\/index.php?rest_route=%2Fwp%2Fv2%2Fcomments&post=573"}],"version-history":[{"count":6,"href":"https:\/\/leonebembo.uniri.hr\/index.php?rest_route=\/wp\/v2\/pages\/573\/revisions"}],"predecessor-version":[{"id":587,"href":"https:\/\/leonebembo.uniri.hr\/index.php?rest_route=\/wp\/v2\/pages\/573\/revisions\/587"}],"wp:attachment":[{"href":"https:\/\/leonebembo.uniri.hr\/index.php?rest_route=%2Fwp%2Fv2%2Fmedia&parent=573"}],"curies":[{"name":"wp","href":"https:\/\/api.w.org\/{rel}","templated":true}]}}