{"id":186,"date":"2022-01-15T16:04:57","date_gmt":"2022-01-15T16:04:57","guid":{"rendered":"https:\/\/leonebembo.uniri.hr\/?page_id=186"},"modified":"2022-02-05T11:06:37","modified_gmt":"2022-02-05T11:06:37","slug":"natpisi","status":"publish","type":"page","link":"https:\/\/leonebembo.uniri.hr\/?page_id=186","title":{"rendered":"NATPISI"},"content":{"rendered":"\n<figure class=\"wp-block-image size-large is-resized\"><a href=\"http:\/\/leonebembo.uniri.hr\/wp-content\/uploads\/2022\/01\/Picture1.png\"><img loading=\"lazy\" src=\"http:\/\/leonebembo.uniri.hr\/wp-content\/uploads\/2022\/01\/Picture1-1024x269.png\" alt=\"\" class=\"wp-image-601\" width=\"917\" height=\"240\" srcset=\"https:\/\/leonebembo.uniri.hr\/wp-content\/uploads\/2022\/01\/Picture1-1024x269.png 1024w, https:\/\/leonebembo.uniri.hr\/wp-content\/uploads\/2022\/01\/Picture1-300x79.png 300w, https:\/\/leonebembo.uniri.hr\/wp-content\/uploads\/2022\/01\/Picture1-768x202.png 768w, https:\/\/leonebembo.uniri.hr\/wp-content\/uploads\/2022\/01\/Picture1-1536x403.png 1536w, https:\/\/leonebembo.uniri.hr\/wp-content\/uploads\/2022\/01\/Picture1.png 2000w\" sizes=\"(max-width: 917px) 100vw, 917px\" \/><\/a><\/figure>\n\n\n\n<p><strong>Lazzaro Bastiani<\/strong>, <em>Bla\u017eeni Leone Bembo s prikazima iz njegove legende i \u010dudima<\/em>, druga polovica 15. stolje\u0107a<\/p>\n\n\n\n<p>Na drvenom, pozla\u0107enom okviru iz 19. stolje\u0107a, ispod prikaza.<\/p>\n\n\n\n<p>Ispod lijevog prikaza u dva stupca:<\/p>\n\n\n\n<p>prvi stupac<\/p>\n\n\n\n<p>DE RONCONELLIS CATHERINA CECCA <\/p>\n\n\n\n<p>ORAT AD DIVUM ET ILICO VISU(M) RECEPIT <\/p>\n\n\n\n<p>ANNO D(OMI)NI MCCX<\/p>\n\n\n\n<p>drugi stupac<\/p>\n\n\n\n<p>ASTRA DEMOSTRANT DIVI LEONIS SEPULCHRUM<\/p>\n\n\n\n<p>CURUNT INFIRMI ORANT ET REDEUNT SANATI<\/p>\n\n\n\n<p>ANNO D(OMI)NI MCCVII<\/p>\n\n\n\n<p>Ispod sredi\u0161njeg prikaza:<\/p>\n\n\n\n<p>SANCTUS LEO EPISCOPUS CLARUS DE BEMBA PROPAGO <\/p>\n\n\n\n<p>VIVUS ET MORTUUS MULTA MIRACULA FECIT<\/p>\n\n\n\n<p>Ispod desnog prikaza u dva stupca:<\/p>\n\n\n\n<p>prvi stupac<\/p>\n\n\n\n<p>INCORRUPTIO CORPORIS MULTOS ANNOS HUMI IACENTI<\/p>\n\n\n\n<p>INDICAT NOBIS LEO TUAM SANTA(M) VITAM PERENNEM <\/p>\n\n\n\n<p>ANNO D(OMI)NI MCCVII<\/p>\n\n\n\n<p>drugi stupac<\/p>\n\n\n\n<p>DISPERATA SALUTE PUELLA AD DIVU(M) ACCES(S)IT DAT<\/p>\n\n\n\n<p>PRO FILIA MATER ET IMPETRAT SANITATEM<\/p>\n\n\n\n<p>ANNO D(OMI)NI MCCCXXI<\/p>\n","protected":false},"excerpt":{"rendered":"<p>Lazzaro Bastiani, Bla\u017eeni Leone Bembo s prikazima iz njegove legende i \u010dudima, druga polovica 15. stolje\u0107a Na drvenom, pozla\u0107enom okviru iz 19. stolje\u0107a, ispod prikaza. Ispod lijevog prikaza u dva stupca: prvi stupac DE RONCONELLIS CATHERINA CECCA ORAT AD DIVUM ET ILICO VISU(M) RECEPIT ANNO D(OMI)NI MCCX drugi stupac ASTRA DEMOSTRANT DIVI LEONIS SEPULCHRUM CURUNT <a class=\"more-link\" href=\"https:\/\/leonebembo.uniri.hr\/?page_id=186\">Read More &#8230;<\/a><\/p>\n","protected":false},"author":2,"featured_media":0,"parent":0,"menu_order":0,"comment_status":"closed","ping_status":"closed","template":"","meta":[],"_links":{"self":[{"href":"https:\/\/leonebembo.uniri.hr\/index.php?rest_route=\/wp\/v2\/pages\/186"}],"collection":[{"href":"https:\/\/leonebembo.uniri.hr\/index.php?rest_route=\/wp\/v2\/pages"}],"about":[{"href":"https:\/\/leonebembo.uniri.hr\/index.php?rest_route=\/wp\/v2\/types\/page"}],"author":[{"embeddable":true,"href":"https:\/\/leonebembo.uniri.hr\/index.php?rest_route=\/wp\/v2\/users\/2"}],"replies":[{"embeddable":true,"href":"https:\/\/leonebembo.uniri.hr\/index.php?rest_route=%2Fwp%2Fv2%2Fcomments&post=186"}],"version-history":[{"count":14,"href":"https:\/\/leonebembo.uniri.hr\/index.php?rest_route=\/wp\/v2\/pages\/186\/revisions"}],"predecessor-version":[{"id":671,"href":"https:\/\/leonebembo.uniri.hr\/index.php?rest_route=\/wp\/v2\/pages\/186\/revisions\/671"}],"wp:attachment":[{"href":"https:\/\/leonebembo.uniri.hr\/index.php?rest_route=%2Fwp%2Fv2%2Fmedia&parent=186"}],"curies":[{"name":"wp","href":"https:\/\/api.w.org\/{rel}","templated":true}]}}